{"id":2,"date":"2021-01-21T17:22:13","date_gmt":"2021-01-21T16:22:13","guid":{"rendered":"https:\/\/zpravodaj.gymnsostelc.cz\/?page_id=2"},"modified":"2025-10-25T08:50:15","modified_gmt":"2025-10-25T06:50:15","slug":"zkusebni-stranka","status":"publish","type":"page","link":"https:\/\/zpravodaj.gymnsostelc.cz\/index.php\/zkusebni-stranka\/","title":{"rendered":"O n\u00e1s"},"content":{"rendered":"\n<figure class=\"wp-block-gallery columns-5 is-cropped\"><ul class=\"blocks-gallery-grid\"><li class=\"blocks-gallery-item\"><figure><a href=\"https:\/\/zpravodaj.gymnsostelc.cz\/wp-content\/uploads\/2021\/04\/IMG_20210411_110935-01-scaled.jpeg\"><img loading=\"lazy\" width=\"300\" height=\"225\" src=\"https:\/\/zpravodaj.gymnsostelc.cz\/wp-content\/uploads\/2021\/04\/IMG_20210411_110935-01-300x225.jpeg\" alt=\"\" data-id=\"223\" data-full-url=\"https:\/\/zpravodaj.gymnsostelc.cz\/wp-content\/uploads\/2021\/04\/IMG_20210411_110935-01-scaled.jpeg\" data-link=\"https:\/\/zpravodaj.gymnsostelc.cz\/index.php\/zkusebni-stranka\/attachment\/img_20210411_110935-01\/\" class=\"wp-image-223\" srcset=\"https:\/\/zpravodaj.gymnsostelc.cz\/wp-content\/uploads\/2021\/04\/IMG_20210411_110935-01-300x225.jpeg 300w, https:\/\/zpravodaj.gymnsostelc.cz\/wp-content\/uploads\/2021\/04\/IMG_20210411_110935-01-1024x768.jpeg 1024w, https:\/\/zpravodaj.gymnsostelc.cz\/wp-content\/uploads\/2021\/04\/IMG_20210411_110935-01-768x576.jpeg 768w, https:\/\/zpravodaj.gymnsostelc.cz\/wp-content\/uploads\/2021\/04\/IMG_20210411_110935-01-1536x1152.jpeg 1536w, https:\/\/zpravodaj.gymnsostelc.cz\/wp-content\/uploads\/2021\/04\/IMG_20210411_110935-01-2048x1536.jpeg 2048w\" sizes=\"(max-width: 300px) 100vw, 300px\" \/><\/a><figcaption class=\"blocks-gallery-item__caption\">Na\u0161e Alma Mater<\/figcaption><\/figure><\/li><li class=\"blocks-gallery-item\"><figure><a href=\"https:\/\/zpravodaj.gymnsostelc.cz\/wp-content\/uploads\/2021\/04\/IMG_20210411_110851-01-scaled.jpeg\"><img loading=\"lazy\" width=\"300\" height=\"224\" src=\"https:\/\/zpravodaj.gymnsostelc.cz\/wp-content\/uploads\/2021\/04\/IMG_20210411_110851-01-300x224.jpeg\" alt=\"\" data-id=\"224\" data-full-url=\"https:\/\/zpravodaj.gymnsostelc.cz\/wp-content\/uploads\/2021\/04\/IMG_20210411_110851-01-scaled.jpeg\" data-link=\"https:\/\/zpravodaj.gymnsostelc.cz\/index.php\/zkusebni-stranka\/attachment\/img_20210411_110851-01\/\" class=\"wp-image-224\" srcset=\"https:\/\/zpravodaj.gymnsostelc.cz\/wp-content\/uploads\/2021\/04\/IMG_20210411_110851-01-300x224.jpeg 300w, https:\/\/zpravodaj.gymnsostelc.cz\/wp-content\/uploads\/2021\/04\/IMG_20210411_110851-01-1024x764.jpeg 1024w, https:\/\/zpravodaj.gymnsostelc.cz\/wp-content\/uploads\/2021\/04\/IMG_20210411_110851-01-768x573.jpeg 768w, https:\/\/zpravodaj.gymnsostelc.cz\/wp-content\/uploads\/2021\/04\/IMG_20210411_110851-01-1536x1146.jpeg 1536w, https:\/\/zpravodaj.gymnsostelc.cz\/wp-content\/uploads\/2021\/04\/IMG_20210411_110851-01-2048x1528.jpeg 2048w\" sizes=\"(max-width: 300px) 100vw, 300px\" \/><\/a><figcaption class=\"blocks-gallery-item__caption\">Slovo Otokara B\u0159eziny<\/figcaption><\/figure><\/li><li class=\"blocks-gallery-item\"><figure><a href=\"https:\/\/zpravodaj.gymnsostelc.cz\/wp-content\/uploads\/2021\/04\/Tereza-Mikesova.jpg\"><img loading=\"lazy\" width=\"300\" height=\"225\" src=\"https:\/\/zpravodaj.gymnsostelc.cz\/wp-content\/uploads\/2021\/04\/Tereza-Mikesova-300x225.jpg\" alt=\"\" data-id=\"225\" data-full-url=\"https:\/\/zpravodaj.gymnsostelc.cz\/wp-content\/uploads\/2021\/04\/Tereza-Mikesova.jpg\" data-link=\"https:\/\/zpravodaj.gymnsostelc.cz\/index.php\/zkusebni-stranka\/attachment\/tereza-mikesova\/\" class=\"wp-image-225\" srcset=\"https:\/\/zpravodaj.gymnsostelc.cz\/wp-content\/uploads\/2021\/04\/Tereza-Mikesova-300x225.jpg 300w, https:\/\/zpravodaj.gymnsostelc.cz\/wp-content\/uploads\/2021\/04\/Tereza-Mikesova-1024x768.jpg 1024w, https:\/\/zpravodaj.gymnsostelc.cz\/wp-content\/uploads\/2021\/04\/Tereza-Mikesova-768x576.jpg 768w, https:\/\/zpravodaj.gymnsostelc.cz\/wp-content\/uploads\/2021\/04\/Tereza-Mikesova-1536x1152.jpg 1536w, https:\/\/zpravodaj.gymnsostelc.cz\/wp-content\/uploads\/2021\/04\/Tereza-Mikesova.jpg 1732w\" sizes=\"(max-width: 300px) 100vw, 300px\" \/><\/a><figcaption class=\"blocks-gallery-item__caption\">M\u00e1me r\u00e1di stylov\u00e9 psan\u00ed<\/figcaption><\/figure><\/li><li class=\"blocks-gallery-item\"><figure><a href=\"https:\/\/zpravodaj.gymnsostelc.cz\/wp-content\/uploads\/2021\/04\/Lenka-Stokrova-scaled.jpg\"><img loading=\"lazy\" width=\"300\" height=\"225\" src=\"https:\/\/zpravodaj.gymnsostelc.cz\/wp-content\/uploads\/2021\/04\/Lenka-Stokrova-300x225.jpg\" alt=\"\" data-id=\"226\" data-full-url=\"https:\/\/zpravodaj.gymnsostelc.cz\/wp-content\/uploads\/2021\/04\/Lenka-Stokrova-scaled.jpg\" data-link=\"https:\/\/zpravodaj.gymnsostelc.cz\/index.php\/zkusebni-stranka\/attachment\/lenka-stokrova\/\" class=\"wp-image-226\" srcset=\"https:\/\/zpravodaj.gymnsostelc.cz\/wp-content\/uploads\/2021\/04\/Lenka-Stokrova-300x225.jpg 300w, https:\/\/zpravodaj.gymnsostelc.cz\/wp-content\/uploads\/2021\/04\/Lenka-Stokrova-1024x768.jpg 1024w, https:\/\/zpravodaj.gymnsostelc.cz\/wp-content\/uploads\/2021\/04\/Lenka-Stokrova-768x576.jpg 768w, https:\/\/zpravodaj.gymnsostelc.cz\/wp-content\/uploads\/2021\/04\/Lenka-Stokrova-1536x1152.jpg 1536w, https:\/\/zpravodaj.gymnsostelc.cz\/wp-content\/uploads\/2021\/04\/Lenka-Stokrova-2048x1536.jpg 2048w\" sizes=\"(max-width: 300px) 100vw, 300px\" \/><\/a><figcaption class=\"blocks-gallery-item__caption\">I modern\u00ed technologie<\/figcaption><\/figure><\/li><li class=\"blocks-gallery-item\"><figure><a href=\"https:\/\/zpravodaj.gymnsostelc.cz\/wp-content\/uploads\/2021\/04\/Dorota-Adamova.jpg\"><img loading=\"lazy\" width=\"225\" height=\"300\" src=\"https:\/\/zpravodaj.gymnsostelc.cz\/wp-content\/uploads\/2021\/04\/Dorota-Adamova-225x300.jpg\" alt=\"\" data-id=\"227\" data-full-url=\"https:\/\/zpravodaj.gymnsostelc.cz\/wp-content\/uploads\/2021\/04\/Dorota-Adamova.jpg\" data-link=\"https:\/\/zpravodaj.gymnsostelc.cz\/index.php\/zkusebni-stranka\/attachment\/dorota-adamova\/\" class=\"wp-image-227\" srcset=\"https:\/\/zpravodaj.gymnsostelc.cz\/wp-content\/uploads\/2021\/04\/Dorota-Adamova-225x300.jpg 225w, https:\/\/zpravodaj.gymnsostelc.cz\/wp-content\/uploads\/2021\/04\/Dorota-Adamova-768x1024.jpg 768w, https:\/\/zpravodaj.gymnsostelc.cz\/wp-content\/uploads\/2021\/04\/Dorota-Adamova-1152x1536.jpg 1152w, https:\/\/zpravodaj.gymnsostelc.cz\/wp-content\/uploads\/2021\/04\/Dorota-Adamova.jpg 1328w\" sizes=\"(max-width: 225px) 100vw, 225px\" \/><\/a><figcaption class=\"blocks-gallery-item__caption\">\u017dijeme jen jednou<\/figcaption><\/figure><\/li><\/ul><\/figure>\n\n\n\n<p class=\"has-drop-cap has-white-background-color has-background\">Jsme partou mlad\u00fdch redaktor\u016f slo\u017eenou z \u017e\u00e1k\u016f <em><a rel=\"noreferrer noopener\" href=\"http:\/\/www.gymnsostelc.cz\" target=\"_blank\">Gymn\u00e1zia Otokara B\u0159eziny a St\u0159edn\u00ed odborn\u00e9 \u0161koly Tel\u010d<\/a><\/em> . Za ty roky, co Zpravodaj funguje, u\u017e se tu vyst\u0159\u00eddalo mnoho mlad\u00fdch lid\u00ed. Sou\u010dasnou redakci tvo\u0159\u00ed \u017e\u00e1ci nap\u0159\u00ed\u010d na\u0161\u00ed \u0161kolou. Jsou to studenti kvinty, sexty, septimy, 3. A i 1. AP. <\/p>\n\n\n\n<p class=\"has-white-background-color has-background\"><\/p>\n\n\n\n<p class=\"has-white-background-color has-background\"><p class=\"has-white-background-color has-background\">P\u00ed\u0161eme o tom, co se d\u011bje u n\u00e1s ve \u0161kole a taky o tom, co n\u00e1s zaj\u00edm\u00e1 a co by mohlo zaj\u00edmat na\u0161e \u010dten\u00e1\u0159e.<\/p>\n<p class=\"has-white-background-color has-background\">Jsou zde k nalezen\u00ed \u010dl\u00e1nky o d\u011bn\u00ed v na\u0161\u00ed \u0161kole, na\u0161em m\u011bst\u011b, tedy Tel\u010di, ale i jinde u n\u00e1s i ve sv\u011bt\u011b. Zab\u00fdv\u00e1me se i sv\u00fdmi kon\u00ed\u010dky, v\u011bdou \u010di um\u011bn\u00edm. Nechyb\u00ed rozhovory s u\u010diteli, hosty a dal\u0161\u00edmi inspirativn\u00edmi osobnostmi. V anket\u00e1ch se pt\u00e1me na va\u0161e n\u00e1zory a t\u011b\u0161\u00edme se na p\u0159ipom\u00ednky k na\u0161\u00ed pr\u00e1ci v koment\u00e1\u0159\u00edch.<\/p><\/p>\n\n\n\n<p class=\"has-white-background-color has-background\">Ale nejlep\u0161\u00ed stejn\u011b bude, kdy\u017e si o Zpravodaji ud\u011bl\u00e1te sv\u016fj vlastn\u00ed obr\u00e1zek sami.<\/p>\n\n\n\n<p class=\"has-white-background-color has-background\">Douf\u00e1me, \u017ee se v\u00e1m bude l\u00edbit.<\/p>\n\n\n\n<p class=\"has-white-background-color has-background\">S pozdravem\n<strong>Redakce Zpravodaje<\/strong><\/p>\n","protected":false},"excerpt":{"rendered":"<p>Jsme partou mlad\u00fdch redaktor\u016f slo\u017eenou z \u017e\u00e1k\u016f Gymn\u00e1zia Otokara B\u0159eziny a St\u0159edn\u00ed odborn\u00e9 \u0161koly Tel\u010d . Za ty roky, co Zpravodaj funguje, u\u017e se tu vyst\u0159\u00eddalo mnoho mlad\u00fdch lid\u00ed. Sou\u010dasnou redakci tvo\u0159\u00ed \u017e\u00e1ci nap\u0159\u00ed\u010d na\u0161\u00ed \u0161kolou. Jsou to studenti kvinty, [&hellip;]<\/p>\n","protected":false},"author":1,"featured_media":0,"parent":0,"menu_order":0,"comment_status":"closed","ping_status":"open","template":"","meta":[],"_links":{"self":[{"href":"https:\/\/zpravodaj.gymnsostelc.cz\/index.php\/wp-json\/wp\/v2\/pages\/2"}],"collection":[{"href":"https:\/\/zpravodaj.gymnsostelc.cz\/index.php\/wp-json\/wp\/v2\/pages"}],"about":[{"href":"https:\/\/zpravodaj.gymnsostelc.cz\/index.php\/wp-json\/wp\/v2\/types\/page"}],"author":[{"embeddable":true,"href":"https:\/\/zpravodaj.gymnsostelc.cz\/index.php\/wp-json\/wp\/v2\/users\/1"}],"replies":[{"embeddable":true,"href":"https:\/\/zpravodaj.gymnsostelc.cz\/index.php\/wp-json\/wp\/v2\/comments?post=2"}],"version-history":[{"count":15,"href":"https:\/\/zpravodaj.gymnsostelc.cz\/index.php\/wp-json\/wp\/v2\/pages\/2\/revisions"}],"predecessor-version":[{"id":1932,"href":"https:\/\/zpravodaj.gymnsostelc.cz\/index.php\/wp-json\/wp\/v2\/pages\/2\/revisions\/1932"}],"wp:attachment":[{"href":"https:\/\/zpravodaj.gymnsostelc.cz\/index.php\/wp-json\/wp\/v2\/media?parent=2"}],"curies":[{"name":"wp","href":"https:\/\/api.w.org\/{rel}","templated":true}]}}