{"id":52,"date":"2021-02-26T17:38:28","date_gmt":"2021-02-26T16:38:28","guid":{"rendered":"https:\/\/zpravodaj.gymnsostelc.cz\/?page_id=52"},"modified":"2026-04-15T21:54:35","modified_gmt":"2026-04-15T19:54:35","slug":"redakce","status":"publish","type":"page","link":"https:\/\/zpravodaj.gymnsostelc.cz\/index.php\/redakce\/","title":{"rendered":"Redakce"},"content":{"rendered":"<p><img src=\"https:\/\/zpravodaj.gymnsostelc.cz\/wp-content\/uploads\/2021\/04\/img_ilu.png\"><\/p>\n\n\n<figure class=\"wp-block-pullquote\"><blockquote><p><em>\u201e\u017divot&nbsp;je neobratn\u011b sestaven\u00e1 hostina, p\u0159i n\u00ed\u017e se netrp\u011bliv\u011b \u010dek\u00e1 na p\u0159edkrm, zat\u00edmco kolem p\u0159e\u0161la v tichu hlavn\u00ed pe\u010den\u011b.\u201c<\/em><\/p><cite><em>Franz Kafka<\/em><\/cite><\/blockquote><\/figure>\n\n\n\n<p class=\"has-medium-font-size\">Obsah <em>Zpravodaje<\/em> pro v\u00e1s p\u0159ipravuje kolektiv redaktor\u016f sest\u00e1vaj\u00edc\u00ed se ze student\u016f Gymn\u00e1zia Otokara B\u0159eziny a St\u0159edn\u00ed odborn\u00e9 \u0161koly Tel\u010d. Redakce mnoho let \u00fasp\u011b\u0161n\u011b fungovala pod veden\u00edm pan\u00ed u\u010ditelky <strong>Mgr. Ivany Holcov\u00e9<\/strong>. O technick\u00e9 z\u00e1zem\u00ed <em>Zpravodaje<\/em> se star\u00e1 RNDr. Luk\u00e1\u0161 Vejmelka. Redakci ve \u0161koln\u00edm roce 2025\/2026 tvo\u0159\u00ed \u017e\u00e1ci nap\u0159\u00ed\u010d \u0161kolou:<\/p>\n\n\n\n<p class=\"has-medium-font-size\"><strong>\u0160\u00e9fredaktorka<\/strong>: \u017dofie \u010ce\u0159ovsk\u00e1 (kvinta)<\/p>\n\n\n\n<p><strong>Dal\u0161\u00ed redakto\u0159<\/strong>i: Karol\u00edna Dufkov\u00e1 (kvinta), Martina Z\u00e1mostn\u00e1 (kvinta), Karol\u00edna Str\u00e1nsk\u00e1 (kvinta), Radim \u0160alanda (septima), Eli\u0161ka Sobotkov\u00e1 (1. AP), Michaela Pra\u017esk\u00e1 (3.A), Kate\u0159ina Koz\u00e1kov\u00e1 (3. A), Roz\u00e1lie Kazdov\u00e1 (sexta), Tereza Mare\u0161ov\u00e1 (sexta), Ela Ma\u0161\u00e1tov\u00e1 (kvarta)<\/p>\n\n\n\n<p><strong>Extern\u00ed redaktorka<\/strong>: Tereza Koubov\u00e1 (kvarta)<\/p>\n\n\n\n<p><strong>Odpov\u011bdn\u00e1 redaktorka<\/strong>: Mgr. Marta Vesel\u00e1 Jirousov\u00e1<\/p>\n\n\n\n<p><strong>Pomocn\u00e1 redaktorka<\/strong>: Mgr. Jana Plunderov\u00e1<\/p>\n\n\n\n<p>Zde si m\u016f\u017eete zobrazit tvorbu konkr\u00e9tn\u00edho autora:<\/p>\n\n\n\n<h2>Sou\u010dasn\u00ed redakto\u0159i<\/h2>\n<div class=\"wp-block-buttons\">\n\n<div class=\"wp-block-button\"><a class=\"wp-block-button__link\" href=\"\/index.php\/category\/autori\/rozalie-kazdova\/\">Roz\u00e1lie Kazdov\u00e1<\/a><\/div>\n\n\n\n<div class=\"wp-block-button\"><a class=\"wp-block-button__link\" href=\"\/index.php\/category\/autori\/katerina-kozakova\/\">Kate\u0159ina Koz\u00e1kov\u00e1<\/a><\/div>\n\n\n\n<div class=\"wp-block-button\"><a class=\"wp-block-button__link\" href=\"\/index.php\/category\/autori\/martina-zamostna\/\">Martina Z\u00e1mostn\u00e1<\/a><\/div>\n\n\n\n<div class=\"wp-block-button\"><a class=\"wp-block-button__link\" href=\"\/index.php\/category\/autori\/zofie-cerovska\/\">\u017dofie \u010ce\u0159ovsk\u00e1<\/a><\/div>\n\n\n\n<div class=\"wp-block-button\"><a class=\"wp-block-button__link\" href=\"\/index.php\/category\/autori\/tereza-maresova\/\">Tereza Mare\u0161ov\u00e1<\/a><\/div>\n\n\n\n<div class=\"wp-block-button\"><a class=\"wp-block-button__link\" href=\"\/index.php\/category\/autori\/michaela-prazska\/\">Michaela Pra\u017esk\u00e1<\/a><\/div>\n\n\n\n<div class=\"wp-block-button\"><a class=\"wp-block-button__link\" href=\"\/index.php\/category\/autori\/karolina-dufkova\/\">Karol\u00edna Dufkov\u00e1<\/a><\/div>\n\n<div class=\"wp-block-button\"><a class=\"wp-block-button__link\" href=\"\/index.php\/category\/autori\/karolina-stranska\/\">Karol\u00edna Str\u00e1nsk\u00e1<\/a><\/div>\n\n\n<div class=\"wp-block-button\"><a class=\"wp-block-button__link\" href=\"\/index.php\/category\/autori\/radim-salanda\/\">Radim \u0160alanda<\/a><\/div>\n\n\n\n<div class=\"wp-block-button\"><a class=\"wp-block-button__link\" href=\"\/index.php\/category\/autori\/eliska-sobotkova\/\">Eli\u0161ka Sobotkov\u00e1<\/a><\/div>\n\n<\/div>\n\n\n<h2>Redakto\u0159i z minul\u00fdch let<\/h2>\n<div class=\"wp-block-buttons\">\n \n<div class=\"wp-block-button\"><a class=\"wp-block-button__link\" href=\"\/index.php\/category\/autori\/anna-vesela\">Anna Vesel\u00e1<\/a><\/div>\n\n\n\n<div class=\"wp-block-button\"><a class=\"wp-block-button__link\" href=\"\/index.php\/category\/autori\/daniel-kratochvil\/\">Daniel Kratochv\u00edl<\/a><\/div>\n\n\n\n<div class=\"wp-block-button\"><a class=\"wp-block-button__link\" href=\"\/index.php\/category\/autori\/dorota-adamova\/\">Dorota Adamov\u00e1<\/a><\/div>\n\n\n\n<div class=\"wp-block-button\"><a class=\"wp-block-button__link\" href=\"\/index.php\/category\/autori\/jakub-mejstrik\/\">Jakub Mejst\u0159\u00edk<\/a><\/div>\n\n\n\n<div class=\"wp-block-button\"><a class=\"wp-block-button__link\" href=\"\/index.php\/category\/autori\/jan-kresa\/\">Jan Kresa<\/a><\/div>\n\n\n\n<div class=\"wp-block-button\"><a class=\"wp-block-button__link\" href=\"\/index.php\/category\/autori\/klara-zazimalova\/\">Kl\u00e1ra Za\u017e\u00edmalov\u00e1<\/a><\/div>\n\n\n\n<div class=\"wp-block-button\"><a class=\"wp-block-button__link\" href=\"\/index.php\/category\/autori\/lenka-stokrova\/\">Lenka \u0160tokrov\u00e1<\/a><\/div>\n\n\n\n<div class=\"wp-block-button\"><a class=\"wp-block-button__link\" href=\"\/index.php\/category\/autori\/leona-fukova\/\">Leona Fukov\u00e1<\/a><\/div>\n\n\n\n<div class=\"wp-block-button\"><a class=\"wp-block-button__link\" href=\"\/index.php\/category\/autori\/marie-pykalova\/\">Marie Pykalov\u00e1<\/a><\/div>\n\n\n\n<div class=\"wp-block-button\"><a class=\"wp-block-button__link\" href=\"\/index.php\/category\/autori\/milan-zamostny\/\">Milan Z\u00e1mostn\u00fd<\/a><\/div>\n\n\n\n<div class=\"wp-block-button\"><a class=\"wp-block-button__link\" href=\"\/index.php\/category\/autori\/natalie-hauzarova\/\">Nat\u00e1lie Hauzarov\u00e1<\/a><\/div>\n\n\n\n<div class=\"wp-block-button\"><a class=\"wp-block-button__link\" href=\"\/index.php\/category\/autori\/renata-charvatova\/\">Renata Charv\u00e1tov\u00e1<\/a><\/div>\n\n\n\n<div class=\"wp-block-button\"><a class=\"wp-block-button__link\" href=\"\/index.php\/category\/autori\/tereza-mikesova\/\">Tereza Mike\u0161ov\u00e1<\/a><\/div>\n\n\n\n<div class=\"wp-block-button\"><a class=\"wp-block-button__link\" href=\"\/index.php\/category\/autori\/vojtech-novotny\/\">Vojt\u011bch Novotn\u00fd<\/a><\/div>\n\n\n\n<div class=\"wp-block-button\"><a class=\"wp-block-button__link\" href=\"\/index.php\/category\/autori\/julia-alicia-reid\/\">Julia Alicia Reid<\/a><\/div>\n\n\n\n<div class=\"wp-block-button\"><a class=\"wp-block-button__link\" href=\"\/index.php\/category\/autori\/alzbeta-pavlickova\/\">Al\u017eb\u011bta Pavl\u00ed\u010dkov\u00e1<\/a><\/div>\n\n\n\n<div class=\"wp-block-button\"><a class=\"wp-block-button__link\" href=\"\/index.php\/category\/autori\/justyna-zikova\/\">Just\u00fdna Z\u00edkov\u00e1<\/a><\/div>\n\n<\/div>\n\n\n\n<hr class=\"wp-block-separator\"\/>\n\n\n\n<div class=\"wp-block-columns\">\n<div class=\"wp-block-column\" style=\"flex-basis:33.33%\">\n<p class=\"has-medium-font-size\"><strong>Nejnov\u011bj\u0161\u00ed \u010dl\u00e1nky:<\/strong><\/p>\n\n\n<ul class=\"wp-block-latest-posts__list wp-block-latest-posts\"><li><a href=\"https:\/\/zpravodaj.gymnsostelc.cz\/index.php\/autori\/radim-salanda\/line-hloupe-a-roztekane-deti\/\">L\u00edn\u00e9, hloup\u00e9 a rozt\u011bkan\u00e9 d\u011bti<\/a><\/li>\n<li><a href=\"https:\/\/zpravodaj.gymnsostelc.cz\/index.php\/temata\/co-se-deje\/telc-a-okoli\/jeden-svet-na-skolach-2\/\">Jeden sv\u011bt na \u0161kol\u00e1ch<\/a><\/li>\n<li><a href=\"https:\/\/zpravodaj.gymnsostelc.cz\/index.php\/temata\/co-se-deje\/cr-a-svet\/vymenny-pobyt-v-zemi-langosu\/\">V\u00fdm\u011bnn\u00fd pobyt v zemi lango\u0161\u016f<\/a><\/li>\n<li><a href=\"https:\/\/zpravodaj.gymnsostelc.cz\/index.php\/rozhovor\/prednaska-ktera-nam-otevrela-oci-i-lednicky\/\">P\u0159edn\u00e1\u0161ka, kter\u00e1 n\u00e1m otev\u0159ela o\u010di i ledni\u010dky<\/a><\/li>\n<li><a href=\"https:\/\/zpravodaj.gymnsostelc.cz\/index.php\/temata\/co-se-deje\/telc-a-okoli\/anglicky-uz-ve-skolce\/\">Anglicky u\u017e ve \u0161kolce?<\/a><\/li>\n<\/ul><\/div>\n\n\n\n<div class=\"wp-block-column\" style=\"flex-basis:66.66%\">\n<figure class=\"wp-block-image size-large\"><img loading=\"lazy\" width=\"1024\" height=\"768\" src=\"https:\/\/zpravodaj.gymnsostelc.cz\/wp-content\/uploads\/2021\/04\/Tereza-Mikesova-1024x768.jpg\" alt=\"\" class=\"wp-image-225\" srcset=\"https:\/\/zpravodaj.gymnsostelc.cz\/wp-content\/uploads\/2021\/04\/Tereza-Mikesova-1024x768.jpg 1024w, https:\/\/zpravodaj.gymnsostelc.cz\/wp-content\/uploads\/2021\/04\/Tereza-Mikesova-300x225.jpg 300w, https:\/\/zpravodaj.gymnsostelc.cz\/wp-content\/uploads\/2021\/04\/Tereza-Mikesova-768x576.jpg 768w, https:\/\/zpravodaj.gymnsostelc.cz\/wp-content\/uploads\/2021\/04\/Tereza-Mikesova-1536x1152.jpg 1536w, https:\/\/zpravodaj.gymnsostelc.cz\/wp-content\/uploads\/2021\/04\/Tereza-Mikesova.jpg 1732w\" sizes=\"(max-width: 1024px) 100vw, 1024px\" \/><\/figure>\n<\/div>\n<\/div>\n\n\n\n<p><\/p>\n","protected":false},"excerpt":{"rendered":"<p>\u201e\u017divot&nbsp;je neobratn\u011b sestaven\u00e1 hostina, p\u0159i n\u00ed\u017e se netrp\u011bliv\u011b \u010dek\u00e1 na p\u0159edkrm, zat\u00edmco kolem p\u0159e\u0161la v tichu hlavn\u00ed pe\u010den\u011b.\u201c Franz Kafka Obsah Zpravodaje pro v\u00e1s p\u0159ipravuje kolektiv redaktor\u016f sest\u00e1vaj\u00edc\u00ed se ze student\u016f Gymn\u00e1zia Otokara B\u0159eziny a St\u0159edn\u00ed odborn\u00e9 \u0161koly Tel\u010d. Redakce [&hellip;]<\/p>\n","protected":false},"author":1,"featured_media":0,"parent":0,"menu_order":0,"comment_status":"closed","ping_status":"closed","template":"","meta":[],"_links":{"self":[{"href":"https:\/\/zpravodaj.gymnsostelc.cz\/index.php\/wp-json\/wp\/v2\/pages\/52"}],"collection":[{"href":"https:\/\/zpravodaj.gymnsostelc.cz\/index.php\/wp-json\/wp\/v2\/pages"}],"about":[{"href":"https:\/\/zpravodaj.gymnsostelc.cz\/index.php\/wp-json\/wp\/v2\/types\/page"}],"author":[{"embeddable":true,"href":"https:\/\/zpravodaj.gymnsostelc.cz\/index.php\/wp-json\/wp\/v2\/users\/1"}],"replies":[{"embeddable":true,"href":"https:\/\/zpravodaj.gymnsostelc.cz\/index.php\/wp-json\/wp\/v2\/comments?post=52"}],"version-history":[{"count":31,"href":"https:\/\/zpravodaj.gymnsostelc.cz\/index.php\/wp-json\/wp\/v2\/pages\/52\/revisions"}],"predecessor-version":[{"id":2439,"href":"https:\/\/zpravodaj.gymnsostelc.cz\/index.php\/wp-json\/wp\/v2\/pages\/52\/revisions\/2439"}],"wp:attachment":[{"href":"https:\/\/zpravodaj.gymnsostelc.cz\/index.php\/wp-json\/wp\/v2\/media?parent=52"}],"curies":[{"name":"wp","href":"https:\/\/api.w.org\/{rel}","templated":true}]}}