{"id":63,"date":"2021-02-27T13:33:34","date_gmt":"2021-02-27T12:33:34","guid":{"rendered":"https:\/\/zpravodaj.gymnsostelc.cz\/?page_id=63"},"modified":"2025-04-06T18:34:27","modified_gmt":"2025-04-06T16:34:27","slug":"kontakt","status":"publish","type":"page","link":"https:\/\/zpravodaj.gymnsostelc.cz\/index.php\/kontakt\/","title":{"rendered":"Kontakt"},"content":{"rendered":"\n<h3>\u0160kola<\/h3>\n\n\n\n<figure class=\"wp-block-image size-large\"><img loading=\"lazy\" width=\"1024\" height=\"768\" src=\"https:\/\/zpravodaj.gymnsostelc.cz\/wp-content\/uploads\/2021\/04\/IMG_20210411_110935-01-1024x768.jpeg\" alt=\"\" class=\"wp-image-223\" srcset=\"https:\/\/zpravodaj.gymnsostelc.cz\/wp-content\/uploads\/2021\/04\/IMG_20210411_110935-01-1024x768.jpeg 1024w, https:\/\/zpravodaj.gymnsostelc.cz\/wp-content\/uploads\/2021\/04\/IMG_20210411_110935-01-300x225.jpeg 300w, https:\/\/zpravodaj.gymnsostelc.cz\/wp-content\/uploads\/2021\/04\/IMG_20210411_110935-01-768x576.jpeg 768w, https:\/\/zpravodaj.gymnsostelc.cz\/wp-content\/uploads\/2021\/04\/IMG_20210411_110935-01-1536x1152.jpeg 1536w, https:\/\/zpravodaj.gymnsostelc.cz\/wp-content\/uploads\/2021\/04\/IMG_20210411_110935-01-2048x1536.jpeg 2048w\" sizes=\"(max-width: 1024px) 100vw, 1024px\" \/><figcaption>Budova \u0161koly na Hradeck\u00e9 ulici v Tel\u010di<\/figcaption><\/figure>\n\n\n\n<p class=\"has-medium-font-size\">Gymn\u00e1zium Otokara B\u0159eziny a St\u0159edn\u00ed odborn\u00e1 \u0161kola Tel\u010d<br>588 56 Tel\u010d, Hradeck\u00e1 235<br>tel.: 56 75 84 551 (kancel\u00e1\u0159 \u0161koly)<\/p>\n\n\n\n<p class=\"has-medium-font-size\"><a href=\"http:\/\/www.gstelc.cz\/\">www.gstelc.cz<\/a><\/p>\n\n\n\n<h3>Redakce<\/h3>\n\n\n\n<figure class=\"wp-block-image size-large\"><img loading=\"lazy\" width=\"1024\" height=\"764\" src=\"https:\/\/zpravodaj.gymnsostelc.cz\/wp-content\/uploads\/2021\/04\/IMG_20210411_110851-01-1024x764.jpeg\" alt=\"\" class=\"wp-image-224\" srcset=\"https:\/\/zpravodaj.gymnsostelc.cz\/wp-content\/uploads\/2021\/04\/IMG_20210411_110851-01-1024x764.jpeg 1024w, https:\/\/zpravodaj.gymnsostelc.cz\/wp-content\/uploads\/2021\/04\/IMG_20210411_110851-01-300x224.jpeg 300w, https:\/\/zpravodaj.gymnsostelc.cz\/wp-content\/uploads\/2021\/04\/IMG_20210411_110851-01-768x573.jpeg 768w, https:\/\/zpravodaj.gymnsostelc.cz\/wp-content\/uploads\/2021\/04\/IMG_20210411_110851-01-1536x1146.jpeg 1536w, https:\/\/zpravodaj.gymnsostelc.cz\/wp-content\/uploads\/2021\/04\/IMG_20210411_110851-01-2048x1528.jpeg 2048w\" sizes=\"(max-width: 1024px) 100vw, 1024px\" \/><figcaption>Slova Otokara B\u0159eziny na \u017eulov\u00e9 desce p\u0159ed vstupem do budovy \u0161koly <\/figcaption><\/figure>\n\n\n\n<p class=\"has-medium-font-size\"><strong>Odpov\u011bdn\u00e1 redaktorka<\/strong>: Mgr. Marta Vesel\u00e1 Jirousov\u00e1, jirousova@gstelc.cz<\/p>\n\n\n\n<p class=\"has-medium-font-size\"><strong>Ostatn\u00ed \u010dlenov\u00e9 redak\u010dn\u00edho t\u00fdmu<\/strong> <a rel=\"noreferrer noopener\" href=\"\/index.php\/redakce\/\" data-type=\"URL\" target=\"_blank\">zde<\/a>.<\/p>\n\n\n\n<p class=\"has-medium-font-size\">N\u00e1zory vysloven\u00e9 v diskus\u00edch \u010dten\u00e1\u0159\u016f nejsou n\u00e1zory redakce jako\u017eto provozovatele tohoto webov\u00e9ho port\u00e1lu, a ta za obsah t\u011bchto vysloven\u00fdch n\u00e1zor\u016f nikterak neodpov\u00edd\u00e1. Redakce si vyhrazuje pr\u00e1vo bez upozorn\u011bn\u00ed odstranit rasov\u011b motivovan\u00e9, \u010di jak\u00e9koli protipr\u00e1vn\u00ed p\u0159\u00edsp\u011bvky.<\/p>\n\n\n\n<h3>Podm\u00ednky spolupr\u00e1ce<\/h3>\n\n\n\n<p class=\"has-medium-font-size\">Ve\u0161ker\u00e1 autorsk\u00e1 pr\u00e1va k internetov\u00e9mu port\u00e1lu \u201eZpravodaj: GOB a SO\u0160 Tel\u010d\u201c vykon\u00e1v\u00e1 redakce jako\u017eto vydavatel. Jak\u00e9koli u\u017eit\u00ed kter\u00e9koli \u010d\u00e1sti internetov\u00e9ho port\u00e1lu \u201eZpravodaj: GOB a SO\u0160 Tel\u010d\u201c, zejm\u00e9na \u0161\u00ed\u0159en\u00ed rozmno\u017eenin, p\u0159epracov\u00e1n\u00ed, p\u0159etisk, p\u0159eklad, za\u0159azen\u00ed do jin\u00e9ho d\u00edla, a\u0165 ji\u017e v ti\u0161t\u011bn\u00e9 nebo elektronick\u00e9 podob\u011b, je bez p\u00edsemn\u00e9ho souhlasu redakce zak\u00e1z\u00e1no. Za obsah jednotliv\u00fdch p\u0159\u00edsp\u011bvk\u016f odpov\u00eddaj\u00ed jejich auto\u0159i.<\/p>\n\n\n\n<p class=\"has-medium-font-size\">Pr\u00e1vn\u00ed re\u017eim vyd\u00e1n\u00ed nab\u00eddnut\u00fdch autorsk\u00fdch d\u011bl se \u0159\u00edd\u00ed autorsk\u00fdm z\u00e1konem v platn\u00e9m zn\u011bn\u00ed a dal\u0161\u00edmi navazuj\u00edc\u00edmi pr\u00e1vn\u00edmi p\u0159edpisy. Zasl\u00e1n\u00edm sv\u00e9ho p\u0159\u00edsp\u011bvku redakci autor ud\u011bluje redakci \u201eZpravodaj: GOB a SO\u0160 Tel\u010d\u201c bez n\u00e1roku na autorsk\u00fd honor\u00e1\u0159 svolen\u00ed vydat jej v elektronick\u00e9 podob\u011b, jako\u017e i v ti\u0161t\u011bn\u00e9 podob\u011b a z\u00e1rove\u0148 souhlas\u00ed s&nbsp;t\u00edm, \u017ee po dobu jednoho roku ode dne uve\u0159ejn\u011bn\u00ed p\u0159\u00edsp\u011bvku nen\u00ed opr\u00e1vn\u011bn jej vydat bez p\u0159edchoz\u00edho souhlasu redakce.<\/p>\n","protected":false},"excerpt":{"rendered":"<p>\u0160kola Gymn\u00e1zium Otokara B\u0159eziny a St\u0159edn\u00ed odborn\u00e1 \u0161kola Tel\u010d588 56 Tel\u010d, Hradeck\u00e1 235tel.: 56 75 84 551 (kancel\u00e1\u0159 \u0161koly) www.gstelc.cz Redakce Odpov\u011bdn\u00e1 redaktorka: Mgr. Marta Vesel\u00e1 Jirousov\u00e1, jirousova@gstelc.cz Ostatn\u00ed \u010dlenov\u00e9 redak\u010dn\u00edho t\u00fdmu zde. N\u00e1zory vysloven\u00e9 v diskus\u00edch \u010dten\u00e1\u0159\u016f nejsou n\u00e1zory [&hellip;]<\/p>\n","protected":false},"author":1,"featured_media":0,"parent":0,"menu_order":0,"comment_status":"closed","ping_status":"closed","template":"","meta":[],"_links":{"self":[{"href":"https:\/\/zpravodaj.gymnsostelc.cz\/index.php\/wp-json\/wp\/v2\/pages\/63"}],"collection":[{"href":"https:\/\/zpravodaj.gymnsostelc.cz\/index.php\/wp-json\/wp\/v2\/pages"}],"about":[{"href":"https:\/\/zpravodaj.gymnsostelc.cz\/index.php\/wp-json\/wp\/v2\/types\/page"}],"author":[{"embeddable":true,"href":"https:\/\/zpravodaj.gymnsostelc.cz\/index.php\/wp-json\/wp\/v2\/users\/1"}],"replies":[{"embeddable":true,"href":"https:\/\/zpravodaj.gymnsostelc.cz\/index.php\/wp-json\/wp\/v2\/comments?post=63"}],"version-history":[{"count":8,"href":"https:\/\/zpravodaj.gymnsostelc.cz\/index.php\/wp-json\/wp\/v2\/pages\/63\/revisions"}],"predecessor-version":[{"id":1403,"href":"https:\/\/zpravodaj.gymnsostelc.cz\/index.php\/wp-json\/wp\/v2\/pages\/63\/revisions\/1403"}],"wp:attachment":[{"href":"https:\/\/zpravodaj.gymnsostelc.cz\/index.php\/wp-json\/wp\/v2\/media?parent=63"}],"curies":[{"name":"wp","href":"https:\/\/api.w.org\/{rel}","templated":true}]}}